{"id":218,"date":"2024-02-26T23:51:37","date_gmt":"2024-02-27T05:51:37","guid":{"rendered":"https:\/\/sanfiacreplantas.com\/?page_id=218"},"modified":"2024-03-12T17:18:37","modified_gmt":"2024-03-12T23:18:37","slug":"crasas","status":"publish","type":"page","link":"https:\/\/sanfiacreplantas.com\/index.php\/crasas\/","title":{"rendered":"Crasas"},"content":{"rendered":"<p>[et_pb_section fb_built=\u00bb1&#8243; admin_label=\u00bbSecci\u00f3n\u00bb _builder_version=\u00bb4.24.1&#8243; _module_preset=\u00bbdefault\u00bb background_color=\u00bbRGBA(255,255,255,0)\u00bb height=\u00bb650px\u00bb height_tablet=\u00bb400px\u00bb height_phone=\u00bb230px\u00bb height_last_edited=\u00bbon|desktop\u00bb global_colors_info=\u00bb{}\u00bb][et_pb_row admin_label=\u00bbFila\u00bb _builder_version=\u00bb4.24.1&#8243; _module_preset=\u00bbdefault\u00bb positioning=\u00bbfixed\u00bb width=\u00bb100%\u00bb max_width=\u00bb1600px\u00bb custom_margin=\u00bb0px||0px||true|false\u00bb custom_padding=\u00bb0px||0px||true|false\u00bb global_colors_info=\u00bb{}\u00bb][et_pb_column type=\u00bb4_4&#8243; _builder_version=\u00bb4.16&#8243; _module_preset=\u00bbdefault\u00bb global_colors_info=\u00bb{}\u00bb][et_pb_image src=\u00bbhttp:\/\/sanfiacreplantas.com\/wp-content\/uploads\/2024\/02\/crasas10.jpg\u00bb alt=\u00bbVarios tipos de cactus\u00bb title_text=\u00bbcrasas10&#8243; align=\u00bbcenter\u00bb force_fullwidth=\u00bbon\u00bb src_tablet=\u00bbhttp:\/\/sanfiacreplantas.com\/wp-content\/uploads\/2024\/02\/crasas10.jpg\u00bb src_phone=\u00bbhttp:\/\/sanfiacreplantas.com\/wp-content\/uploads\/2024\/02\/crasas10.jpg\u00bb src_last_edited=\u00bbon|phone\u00bb _builder_version=\u00bb4.24.1&#8243; _module_preset=\u00bbdefault\u00bb height=\u00bb670px\u00bb max_height=\u00bb670px\u00bb max_height_tablet=\u00bb430px\u00bb max_height_phone=\u00bb240px\u00bb max_height_last_edited=\u00bbon|phone\u00bb custom_padding_tablet=\u00bb70px||||false|false\u00bb custom_padding_phone=\u00bb150px||||false|false\u00bb custom_padding_last_edited=\u00bbon|phone\u00bb global_colors_info=\u00bb{}\u00bb][\/et_pb_image][et_pb_divider color=\u00bb#5c8a03&#8243; divider_weight=\u00bb1px\u00bb _builder_version=\u00bb4.24.1&#8243; _module_preset=\u00bbdefault\u00bb global_colors_info=\u00bb{}\u00bb][\/et_pb_divider][\/et_pb_column][\/et_pb_row][\/et_pb_section][et_pb_section fb_built=\u00bb1&#8243; _builder_version=\u00bb4.24.1&#8243; _module_preset=\u00bbdefault\u00bb global_colors_info=\u00bb{}\u00bb][et_pb_row _builder_version=\u00bb4.24.1&#8243; _module_preset=\u00bbdefault\u00bb global_colors_info=\u00bb{}\u00bb][et_pb_column type=\u00bb4_4&#8243; _builder_version=\u00bb4.24.1&#8243; _module_preset=\u00bbdefault\u00bb global_colors_info=\u00bb{}\u00bb][et_pb_text _builder_version=\u00bb4.24.1&#8243; _module_preset=\u00bbdefault\u00bb text_font=\u00bbtravel journal1||||||||\u00bb text_text_color=\u00bb#374709&#8243; text_font_size=\u00bb70px\u00bb text_orientation=\u00bbcenter\u00bb text_font_size_tablet=\u00bb70px\u00bb text_font_size_phone=\u00bb70px\u00bb text_font_size_last_edited=\u00bbon|tablet\u00bb text_text_shadow_style=\u00bbpreset1&#8243; text_text_shadow_color=\u00bb#374709&#8243; global_colors_info=\u00bb{}\u00bb]<\/p>\n<h1>CRASAS<\/h1>\n<p>[\/et_pb_text][et_pb_text _builder_version=\u00bb4.24.1&#8243; _module_preset=\u00bbdefault\u00bb text_font=\u00bbLora||||||||\u00bb text_text_color=\u00bb#374709&#8243; text_font_size=\u00bb17px\u00bb header_2_font=\u00bbLora||||||||\u00bb header_2_text_align=\u00bbcenter\u00bb global_colors_info=\u00bb{}\u00bb]<\/p>\n<h2 data-sourcepos=\"1:1-1:56\">Un mundo de belleza y resistencia<\/h2>\n<p data-sourcepos=\"3:1-3:301\">Las plantas crasas, tambi\u00e9n conocidas como suculentas, son un grupo de plantas fascinantes que se caracterizan por su capacidad de almacenar agua en sus hojas, tallos o ra\u00edces. Esta adaptaci\u00f3n les permite sobrevivir en ambientes \u00e1ridos y semi\u00e1ridos, donde la escasez de agua es un factor determinante.<\/p>\n<p data-sourcepos=\"5:1-5:23\"><strong>Origen y evoluci\u00f3n:<\/strong><\/p>\n<p data-sourcepos=\"7:1-7:281\">Las plantas crasas se originaron en diferentes partes del mundo, principalmente en \u00c1frica, Am\u00e9rica y Asia. A lo largo del tiempo, evolucionaron de forma independiente en diferentes familias bot\u00e1nicas, convergiendo en la capacidad de almacenar agua como estrategia de supervivencia.<\/p>\n<p data-sourcepos=\"9:1-9:32\"><strong>Caracter\u00edsticas distintivas:<\/strong><\/p>\n<ul data-sourcepos=\"11:1-15:0\">\n<li data-sourcepos=\"11:1-11:141\"><strong>Almacenamiento de agua:<\/strong><span>\u00a0<\/span>Sus hojas, tallos o ra\u00edces son gruesos y carnosos, debido a la presencia de tejido suculento que almacena agua.<\/li>\n<li data-sourcepos=\"12:1-12:125\"><strong>Epidermis gruesa:<\/strong><span>\u00a0<\/span>Poseen una epidermis gruesa y cut\u00edcula impermeable para reducir la p\u00e9rdida de agua por transpiraci\u00f3n.<\/li>\n<li data-sourcepos=\"13:1-13:167\"><strong>Estomas hundidos:<\/strong><span>\u00a0<\/span>Sus estomas, peque\u00f1as aberturas que permiten el intercambio de gases, se encuentran hundidos en la epidermis para minimizar la p\u00e9rdida de agua.<\/li>\n<li data-sourcepos=\"14:1-15:0\"><strong>H\u00e1bito variado:<\/strong><span>\u00a0<\/span>Pueden ser herb\u00e1ceas, arbustivas o incluso arb\u00f3reas, con una gran variedad de formas y colores.<\/li>\n<\/ul>\n<p>[\/et_pb_text][\/et_pb_column][\/et_pb_row][et_pb_row _builder_version=\u00bb4.24.1&#8243; _module_preset=\u00bbdefault\u00bb custom_padding=\u00bb0px||0px||true|false\u00bb global_colors_info=\u00bb{}\u00bb][et_pb_column type=\u00bb4_4&#8243; _builder_version=\u00bb4.24.1&#8243; _module_preset=\u00bbdefault\u00bb global_colors_info=\u00bb{}\u00bb][et_pb_divider color=\u00bb#5c8a03&#8243; divider_weight=\u00bb1px\u00bb _builder_version=\u00bb4.24.1&#8243; _module_preset=\u00bbdefault\u00bb global_colors_info=\u00bb{}\u00bb][\/et_pb_divider][\/et_pb_column][\/et_pb_row][et_pb_row _builder_version=\u00bb4.24.1&#8243; _module_preset=\u00bbdefault\u00bb global_colors_info=\u00bb{}\u00bb][et_pb_column type=\u00bb4_4&#8243; _builder_version=\u00bb4.24.1&#8243; _module_preset=\u00bbdefault\u00bb global_colors_info=\u00bb{}\u00bb][dsm_image_accordion image_accordion_animation=\u00bbzoom_in\u00bb image_accordion_animation_sequence=\u00bbon\u00bb _builder_version=\u00bb4.24.1&#8243; _module_preset=\u00bbdefault\u00bb hover_enabled=\u00bb0&#8243; global_colors_info=\u00bb{}\u00bb sticky_enabled=\u00bb0&#8243;][dsm_image_accordion_child image_accordion_src=\u00bbhttp:\/\/sanfiacreplantas.com\/wp-content\/uploads\/2024\/02\/crasas7.jpg\u00bb image_accordion_title=\u00bbRosas del desierto\u00bb image_accordion_desc=\u00bbSon nativas de las regiones \u00e1ridas de \u00c1frica y Arabia.\u00bb _builder_version=\u00bb4.24.1&#8243; _module_preset=\u00bbdefault\u00bb global_colors_info=\u00bb{}\u00bb desc_font=\u00bbLora||||||||\u00bb title_level=\u00bbh1&#8243; title_font=\u00bbLora||||||||\u00bb title_text_color=\u00bb#FFFFFF\u00bb title_font_size=\u00bb45px\u00bb title_text_shadow_style=\u00bbpreset2&#8243; title_text_shadow_vertical_length=\u00bb0.05em\u00bb title_text_shadow_blur_strength=\u00bb0.09em\u00bb title_text_shadow_color=\u00bb#c6dc93&#8243; title_text_shadow_horizontal_length=\u00bb0.04em\u00bb desc_text_shadow_style=\u00bbpreset2&#8243; desc_text_shadow_vertical_length=\u00bb0.1em\u00bb desc_text_shadow_color=\u00bb#759242&#8243; desc_text_color=\u00bb#c6dc93&#8243; desc_font_size=\u00bb14px\u00bb][\/dsm_image_accordion_child][dsm_image_accordion_child image_accordion_src=\u00bbhttp:\/\/sanfiacreplantas.com\/wp-content\/uploads\/2024\/02\/crasas4.jpg\u00bb image_accordion_title=\u00bbLithops\u00bb image_accordion_desc=\u00bbSe conocen como piedras vivas o plantas de guijarro.\u00bb _builder_version=\u00bb4.24.1&#8243; _module_preset=\u00bbdefault\u00bb hover_enabled=\u00bb0&#8243; global_colors_info=\u00bb{}\u00bb sticky_enabled=\u00bb0&#8243;][\/dsm_image_accordion_child][dsm_image_accordion_child image_accordion_src=\u00bbhttp:\/\/sanfiacreplantas.com\/wp-content\/uploads\/2024\/02\/crasas8.jpg\u00bb image_accordion_title=\u00bbOrbea Variegada\u00bb image_accordion_desc=\u00bbSe conoce tambien como flor lagarto o flor de estralla, pertenecen a una amplia con muchas especies.<br \/>\n\u00bb _builder_version=\u00bb4.24.1&#8243; _module_preset=\u00bbdefault\u00bb global_colors_info=\u00bb{}\u00bb][\/dsm_image_accordion_child][dsm_image_accordion_child image_accordion_src=\u00bbhttp:\/\/sanfiacreplantas.com\/wp-content\/uploads\/2024\/02\/crasas5.jpg\u00bb image_accordion_title=\u00bbEuphorbia pulcherrima\u00bb image_accordion_desc=\u00bbSe conece como pastora y la  peculiaridad es el cambio de coloracion de sus hojas a un rojo intenso, principalmente en los meses de noviembre a enero.\u00bb _builder_version=\u00bb4.24.1&#8243; _module_preset=\u00bbdefault\u00bb global_colors_info=\u00bb{}\u00bb][\/dsm_image_accordion_child][dsm_image_accordion_child image_accordion_src=\u00bbhttp:\/\/sanfiacreplantas.com\/wp-content\/uploads\/2024\/02\/crasas2.jpg\u00bb image_accordion_title=\u00bbEcheverias\u00bb image_accordion_desc=\u00bbExisten m\u00e1s de 400 especies de echeverias, y vienen en una amplia variedad de formas, tama\u00f1os y colores. \u00bb _builder_version=\u00bb4.24.1&#8243; _module_preset=\u00bbdefault\u00bb global_colors_info=\u00bb{}\u00bb][\/dsm_image_accordion_child][dsm_image_accordion_child image_accordion_src=\u00bbhttp:\/\/sanfiacreplantas.com\/wp-content\/uploads\/2024\/02\/crasas6.jpg\u00bb image_accordion_title=\u00bbAdenium obesum\u00bb image_accordion_desc=\u00bbSus hermosas y coloridas flores hacen que sean muy atractivas, pero lo mas llamativo es sus formas de diminutos arboles.<br \/>\n\u00bb _builder_version=\u00bb4.24.1&#8243; _module_preset=\u00bbdefault\u00bb global_colors_info=\u00bb{}\u00bb][\/dsm_image_accordion_child][dsm_image_accordion_child image_accordion_src=\u00bbhttp:\/\/sanfiacreplantas.com\/wp-content\/uploads\/2024\/02\/crasas1.jpg\u00bb image_accordion_title=\u00bbLa familia crasulae\u00bb image_accordion_desc=\u00bbSon cientos de especies que pertenencen a esta, se caracterizan por sus llamativas y coloridas hojas regordetas en su gran mayor\u00eda.<br \/>\n\u00bb _builder_version=\u00bb4.24.1&#8243; _module_preset=\u00bbdefault\u00bb global_colors_info=\u00bb{}\u00bb][\/dsm_image_accordion_child][\/dsm_image_accordion][\/et_pb_column][\/et_pb_row][et_pb_row _builder_version=\u00bb4.24.1&#8243; _module_preset=\u00bbdefault\u00bb custom_padding=\u00bb0px||0px||true|false\u00bb global_colors_info=\u00bb{}\u00bb][et_pb_column type=\u00bb4_4&#8243; _builder_version=\u00bb4.24.1&#8243; _module_preset=\u00bbdefault\u00bb global_colors_info=\u00bb{}\u00bb][et_pb_divider color=\u00bb#5c8a03&#8243; divider_weight=\u00bb1px\u00bb _builder_version=\u00bb4.24.1&#8243; _module_preset=\u00bbdefault\u00bb global_colors_info=\u00bb{}\u00bb][\/et_pb_divider][\/et_pb_column][\/et_pb_row][et_pb_row _builder_version=\u00bb4.24.1&#8243; _module_preset=\u00bbdefault\u00bb global_colors_info=\u00bb{}\u00bb][et_pb_column type=\u00bb4_4&#8243; _builder_version=\u00bb4.24.1&#8243; _module_preset=\u00bbdefault\u00bb global_colors_info=\u00bb{}\u00bb][et_pb_text _builder_version=\u00bb4.24.1&#8243; _module_preset=\u00bbdefault\u00bb text_font=\u00bbLora||||||||\u00bb text_text_color=\u00bb#374709&#8243; text_font_size=\u00bb17px\u00bb header_2_font=\u00bbLora||||||||\u00bb header_2_text_align=\u00bbcenter\u00bb global_colors_info=\u00bb{}\u00bb]<\/p>\n<p data-sourcepos=\"16:1-16:31\"><strong>Diversidad y clasificaci\u00f3n:<\/strong><\/p>\n<p data-sourcepos=\"18:1-18:145\">Existen m\u00e1s de 60 familias de plantas crasas, con miles de especies distribuidas por todo el mundo. Entre las familias m\u00e1s conocidas encontramos:<\/p>\n<ul data-sourcepos=\"20:1-24:0\">\n<li data-sourcepos=\"20:1-20:125\"><strong>Crassulaceae:<\/strong><span>\u00a0<\/span>Familia de las crasul\u00e1ceas, como el<span>\u00a0<\/span><strong>jade<\/strong><span>\u00a0<\/span>(<em>Crassula ovata<\/em>) y la<span>\u00a0<\/span><strong>echeveria<\/strong><span>\u00a0<\/span>(<em>Echeveria elegans<\/em>).<\/li>\n<li data-sourcepos=\"21:1-21:126\"><strong>Cactaceae:<\/strong><span>\u00a0<\/span>Familia de las cact\u00e1ceas, como el<span>\u00a0<\/span><strong>saguaro<\/strong><span>\u00a0<\/span>(<em>Carnegiea gigantea<\/em>) y la<span>\u00a0<\/span><strong>nopal<\/strong><span>\u00a0<\/span>(<em>Opuntia ficus-indica<\/em>).<\/li>\n<li data-sourcepos=\"22:1-22:120\"><strong>Aizoaceae:<\/strong><span>\u00a0<\/span>Familia de las aizo\u00e1ceas, como la<span>\u00a0<\/span><strong>lithops<\/strong><span>\u00a0<\/span>(<em>Lithops spp.<\/em>) y la<span>\u00a0<\/span><strong>conophytum<\/strong><span>\u00a0<\/span>(<em>Conophytum spp.<\/em>).<\/li>\n<li data-sourcepos=\"23:1-24:0\"><strong>Euphorbiaceae:<\/strong><span>\u00a0<\/span>Familia de las euforbi\u00e1ceas, como la<span>\u00a0<\/span><strong>corona de espinas<\/strong><span>\u00a0<\/span>(<em>Euphorbia milii<\/em>) y la<span>\u00a0<\/span><strong>flor de pascua<\/strong><span>\u00a0<\/span>(<em>Euphorbia pulcherrima<\/em>).<\/li>\n<\/ul>\n<p data-sourcepos=\"25:1-25:47\"><strong>Adaptaciones a la vida en ambientes \u00e1ridos:<\/strong><\/p>\n<p data-sourcepos=\"27:1-27:104\">Las plantas crasas han desarrollado una serie de estrategias para sobrevivir en ambientes con poca agua:<\/p>\n<ul data-sourcepos=\"29:1-33:0\">\n<li data-sourcepos=\"29:1-29:114\"><strong>Almacenamiento de agua:<\/strong><span>\u00a0<\/span>Su principal adaptaci\u00f3n es la capacidad de almacenar agua en sus tejidos suculentos.<\/li>\n<li data-sourcepos=\"30:1-30:127\"><strong>Reducci\u00f3n de la transpiraci\u00f3n:<\/strong><span>\u00a0<\/span>La epidermis gruesa y cut\u00edcula impermeable minimizan la p\u00e9rdida de agua por transpiraci\u00f3n.<\/li>\n<li data-sourcepos=\"31:1-31:129\"><strong>Fotos\u00edntesis CAM:<\/strong><span>\u00a0<\/span>Algunas especies realizan la fotos\u00edntesis durante la noche para evitar la p\u00e9rdida de agua durante el d\u00eda.<\/li>\n<li data-sourcepos=\"32:1-33:0\"><strong>Ra\u00edces profundas:<\/strong><span>\u00a0<\/span>Sus ra\u00edces pueden extenderse ampliamente para buscar agua en el subsuelo.<\/li>\n<\/ul>\n<p>[\/et_pb_text][et_pb_divider color=\u00bb#000000&#8243; divider_weight=\u00bb2px\u00bb _builder_version=\u00bb4.24.1&#8243; _module_preset=\u00bbdefault\u00bb global_colors_info=\u00bb{}\u00bb][\/et_pb_divider][et_pb_text _builder_version=\u00bb4.24.1&#8243; _module_preset=\u00bbdefault\u00bb text_font=\u00bbLora||||||||\u00bb text_text_color=\u00bb#374709&#8243; text_font_size=\u00bb17px\u00bb header_2_font=\u00bbLora||||||||\u00bb header_2_text_align=\u00bbcenter\u00bb global_colors_info=\u00bb{}\u00bb]<\/p>\n<p data-sourcepos=\"34:1-34:38\"><strong>Importancia ecol\u00f3gica y econ\u00f3mica:<\/strong><\/p>\n<p data-sourcepos=\"36:1-36:345\">Las plantas crasas son un componente importante de los ecosistemas \u00e1ridos y semi\u00e1ridos. Ofrecen alimento y refugio a una gran variedad de animales, y contribuyen a la prevenci\u00f3n de la erosi\u00f3n del suelo. Adem\u00e1s, tienen un importante valor econ\u00f3mico, ya que se utilizan para la producci\u00f3n de alimentos, bebidas, ornamentos y productos medicinales.<\/p>\n<p data-sourcepos=\"38:1-38:28\"><strong>Amenazas y conservaci\u00f3n:<\/strong><\/p>\n<p data-sourcepos=\"40:1-40:247\">Las plantas crasas se encuentran amenazadas por la p\u00e9rdida de h\u00e1bitat, la sobreexplotaci\u00f3n y el cambio clim\u00e1tico. Es fundamental protegerlas mediante la creaci\u00f3n de \u00e1reas protegidas, la educaci\u00f3n ambiental y el desarrollo de pr\u00e1cticas sostenibles.<\/p>\n<p data-sourcepos=\"42:1-42:38\"><strong>Un mundo fascinante por descubrir:<\/strong><\/p>\n<p data-sourcepos=\"44:1-44:249\">Las plantas crasas son un universo de formas, colores, texturas y aromas que nos invitan a explorar la naturaleza y descubrir la sabidur\u00eda de la adaptaci\u00f3n. Conocerlas y protegerlas es un compromiso con la vida y la biodiversidad de nuestro planeta.<\/p>\n<p>[\/et_pb_text][\/et_pb_column][\/et_pb_row][\/et_pb_section]<\/p>\n","protected":false},"excerpt":{"rendered":"<p>CRASASUn mundo de belleza y resistencia Las plantas crasas, tambi\u00e9n conocidas como suculentas, son un grupo de plantas fascinantes que se caracterizan por su capacidad de almacenar agua en sus hojas, tallos o ra\u00edces. Esta adaptaci\u00f3n les permite sobrevivir en ambientes \u00e1ridos y semi\u00e1ridos, donde la escasez de agua es un factor determinante. Origen y [&hellip;]<\/p>\n","protected":false},"author":1,"featured_media":0,"parent":0,"menu_order":0,"comment_status":"closed","ping_status":"closed","template":"","meta":{"_et_pb_use_builder":"on","_et_pb_old_content":"","_et_gb_content_width":"","footnotes":""},"yoast_head":"<!-- This site is optimized with the Yoast SEO plugin v22.2 - https:\/\/yoast.com\/wordpress\/plugins\/seo\/ -->\n<title>Crasas - sanfiacreplantas.com<\/title>\n<meta name=\"robots\" content=\"index, follow, max-snippet:-1, max-image-preview:large, max-video-preview:-1\" \/>\n<link rel=\"canonical\" href=\"https:\/\/sanfiacreplantas.com\/index.php\/crasas\/\" \/>\n<meta property=\"og:locale\" content=\"es_ES\" \/>\n<meta property=\"og:type\" content=\"article\" \/>\n<meta property=\"og:title\" content=\"Crasas - sanfiacreplantas.com\" \/>\n<meta property=\"og:description\" content=\"CRASASUn mundo de belleza y resistencia Las plantas crasas, tambi\u00e9n conocidas como suculentas, son un grupo de plantas fascinantes que se caracterizan por su capacidad de almacenar agua en sus hojas, tallos o ra\u00edces. Esta adaptaci\u00f3n les permite sobrevivir en ambientes \u00e1ridos y semi\u00e1ridos, donde la escasez de agua es un factor determinante. Origen y [&hellip;]\" \/>\n<meta property=\"og:url\" content=\"https:\/\/sanfiacreplantas.com\/index.php\/crasas\/\" \/>\n<meta property=\"og:site_name\" content=\"sanfiacreplantas.com\" \/>\n<meta property=\"article:publisher\" content=\"https:\/\/www.facebook.com\/profile.php?id=100063658085991\" \/>\n<meta property=\"article:modified_time\" content=\"2024-03-12T23:18:37+00:00\" \/>\n<meta name=\"twitter:card\" content=\"summary_large_image\" \/>\n<meta name=\"twitter:label1\" content=\"Tiempo de lectura\" \/>\n\t<meta name=\"twitter:data1\" content=\"8 minutos\" \/>\n<script type=\"application\/ld+json\" class=\"yoast-schema-graph\">{\"@context\":\"https:\/\/schema.org\",\"@graph\":[{\"@type\":\"WebPage\",\"@id\":\"https:\/\/sanfiacreplantas.com\/index.php\/crasas\/\",\"url\":\"https:\/\/sanfiacreplantas.com\/index.php\/crasas\/\",\"name\":\"Crasas - sanfiacreplantas.com\",\"isPartOf\":{\"@id\":\"https:\/\/sanfiacreplantas.com\/#website\"},\"datePublished\":\"2024-02-27T05:51:37+00:00\",\"dateModified\":\"2024-03-12T23:18:37+00:00\",\"breadcrumb\":{\"@id\":\"https:\/\/sanfiacreplantas.com\/index.php\/crasas\/#breadcrumb\"},\"inLanguage\":\"es\",\"potentialAction\":[{\"@type\":\"ReadAction\",\"target\":[\"https:\/\/sanfiacreplantas.com\/index.php\/crasas\/\"]}]},{\"@type\":\"BreadcrumbList\",\"@id\":\"https:\/\/sanfiacreplantas.com\/index.php\/crasas\/#breadcrumb\",\"itemListElement\":[{\"@type\":\"ListItem\",\"position\":1,\"name\":\"Portada\",\"item\":\"https:\/\/sanfiacreplantas.com\/\"},{\"@type\":\"ListItem\",\"position\":2,\"name\":\"Crasas\"}]},{\"@type\":\"WebSite\",\"@id\":\"https:\/\/sanfiacreplantas.com\/#website\",\"url\":\"https:\/\/sanfiacreplantas.com\/\",\"name\":\"sanfiacreplantas.com\",\"description\":\"Pasi\u00f3n por las plantas\",\"publisher\":{\"@id\":\"https:\/\/sanfiacreplantas.com\/#organization\"},\"potentialAction\":[{\"@type\":\"SearchAction\",\"target\":{\"@type\":\"EntryPoint\",\"urlTemplate\":\"https:\/\/sanfiacreplantas.com\/?s={search_term_string}\"},\"query-input\":\"required name=search_term_string\"}],\"inLanguage\":\"es\"},{\"@type\":\"Organization\",\"@id\":\"https:\/\/sanfiacreplantas.com\/#organization\",\"name\":\"sanfiacreplantas.com\",\"url\":\"https:\/\/sanfiacreplantas.com\/\",\"logo\":{\"@type\":\"ImageObject\",\"inLanguage\":\"es\",\"@id\":\"https:\/\/sanfiacreplantas.com\/#\/schema\/logo\/image\/\",\"url\":\"https:\/\/sanfiacreplantas.com\/wp-content\/uploads\/2024\/02\/Logo2.png\",\"contentUrl\":\"https:\/\/sanfiacreplantas.com\/wp-content\/uploads\/2024\/02\/Logo2.png\",\"width\":1578,\"height\":2155,\"caption\":\"sanfiacreplantas.com\"},\"image\":{\"@id\":\"https:\/\/sanfiacreplantas.com\/#\/schema\/logo\/image\/\"},\"sameAs\":[\"https:\/\/www.facebook.com\/profile.php?id=100063658085991\",\"https:\/\/www.instagram.com\/jiraiya_fotografo\/?hl=es\"]}]}<\/script>\n<!-- \/ Yoast SEO plugin. -->","yoast_head_json":{"title":"Crasas - sanfiacreplantas.com","robots":{"index":"index","follow":"follow","max-snippet":"max-snippet:-1","max-image-preview":"max-image-preview:large","max-video-preview":"max-video-preview:-1"},"canonical":"https:\/\/sanfiacreplantas.com\/index.php\/crasas\/","og_locale":"es_ES","og_type":"article","og_title":"Crasas - sanfiacreplantas.com","og_description":"CRASASUn mundo de belleza y resistencia Las plantas crasas, tambi\u00e9n conocidas como suculentas, son un grupo de plantas fascinantes que se caracterizan por su capacidad de almacenar agua en sus hojas, tallos o ra\u00edces. Esta adaptaci\u00f3n les permite sobrevivir en ambientes \u00e1ridos y semi\u00e1ridos, donde la escasez de agua es un factor determinante. Origen y [&hellip;]","og_url":"https:\/\/sanfiacreplantas.com\/index.php\/crasas\/","og_site_name":"sanfiacreplantas.com","article_publisher":"https:\/\/www.facebook.com\/profile.php?id=100063658085991","article_modified_time":"2024-03-12T23:18:37+00:00","twitter_card":"summary_large_image","twitter_misc":{"Tiempo de lectura":"8 minutos"},"schema":{"@context":"https:\/\/schema.org","@graph":[{"@type":"WebPage","@id":"https:\/\/sanfiacreplantas.com\/index.php\/crasas\/","url":"https:\/\/sanfiacreplantas.com\/index.php\/crasas\/","name":"Crasas - sanfiacreplantas.com","isPartOf":{"@id":"https:\/\/sanfiacreplantas.com\/#website"},"datePublished":"2024-02-27T05:51:37+00:00","dateModified":"2024-03-12T23:18:37+00:00","breadcrumb":{"@id":"https:\/\/sanfiacreplantas.com\/index.php\/crasas\/#breadcrumb"},"inLanguage":"es","potentialAction":[{"@type":"ReadAction","target":["https:\/\/sanfiacreplantas.com\/index.php\/crasas\/"]}]},{"@type":"BreadcrumbList","@id":"https:\/\/sanfiacreplantas.com\/index.php\/crasas\/#breadcrumb","itemListElement":[{"@type":"ListItem","position":1,"name":"Portada","item":"https:\/\/sanfiacreplantas.com\/"},{"@type":"ListItem","position":2,"name":"Crasas"}]},{"@type":"WebSite","@id":"https:\/\/sanfiacreplantas.com\/#website","url":"https:\/\/sanfiacreplantas.com\/","name":"sanfiacreplantas.com","description":"Pasi\u00f3n por las plantas","publisher":{"@id":"https:\/\/sanfiacreplantas.com\/#organization"},"potentialAction":[{"@type":"SearchAction","target":{"@type":"EntryPoint","urlTemplate":"https:\/\/sanfiacreplantas.com\/?s={search_term_string}"},"query-input":"required name=search_term_string"}],"inLanguage":"es"},{"@type":"Organization","@id":"https:\/\/sanfiacreplantas.com\/#organization","name":"sanfiacreplantas.com","url":"https:\/\/sanfiacreplantas.com\/","logo":{"@type":"ImageObject","inLanguage":"es","@id":"https:\/\/sanfiacreplantas.com\/#\/schema\/logo\/image\/","url":"https:\/\/sanfiacreplantas.com\/wp-content\/uploads\/2024\/02\/Logo2.png","contentUrl":"https:\/\/sanfiacreplantas.com\/wp-content\/uploads\/2024\/02\/Logo2.png","width":1578,"height":2155,"caption":"sanfiacreplantas.com"},"image":{"@id":"https:\/\/sanfiacreplantas.com\/#\/schema\/logo\/image\/"},"sameAs":["https:\/\/www.facebook.com\/profile.php?id=100063658085991","https:\/\/www.instagram.com\/jiraiya_fotografo\/?hl=es"]}]}},"_links":{"self":[{"href":"https:\/\/sanfiacreplantas.com\/index.php\/wp-json\/wp\/v2\/pages\/218"}],"collection":[{"href":"https:\/\/sanfiacreplantas.com\/index.php\/wp-json\/wp\/v2\/pages"}],"about":[{"href":"https:\/\/sanfiacreplantas.com\/index.php\/wp-json\/wp\/v2\/types\/page"}],"author":[{"embeddable":true,"href":"https:\/\/sanfiacreplantas.com\/index.php\/wp-json\/wp\/v2\/users\/1"}],"replies":[{"embeddable":true,"href":"https:\/\/sanfiacreplantas.com\/index.php\/wp-json\/wp\/v2\/comments?post=218"}],"version-history":[{"count":16,"href":"https:\/\/sanfiacreplantas.com\/index.php\/wp-json\/wp\/v2\/pages\/218\/revisions"}],"predecessor-version":[{"id":481,"href":"https:\/\/sanfiacreplantas.com\/index.php\/wp-json\/wp\/v2\/pages\/218\/revisions\/481"}],"wp:attachment":[{"href":"https:\/\/sanfiacreplantas.com\/index.php\/wp-json\/wp\/v2\/media?parent=218"}],"curies":[{"name":"wp","href":"https:\/\/api.w.org\/{rel}","templated":true}]}}