{"id":191,"date":"2024-02-26T21:59:49","date_gmt":"2024-02-27T03:59:49","guid":{"rendered":"https:\/\/sanfiacreplantas.com\/?page_id=191"},"modified":"2024-03-12T17:57:46","modified_gmt":"2024-03-12T23:57:46","slug":"las-cactaceas-son-un-grupo-de-plantas-fascinantes","status":"publish","type":"page","link":"https:\/\/sanfiacreplantas.com\/index.php\/las-cactaceas-son-un-grupo-de-plantas-fascinantes\/","title":{"rendered":"Cactaceas"},"content":{"rendered":"<p>[et_pb_section fb_built=\u00bb1&#8243; custom_padding_last_edited=\u00bbon|phone\u00bb admin_label=\u00bbSecci\u00f3n\u00bb _builder_version=\u00bb4.24.1&#8243; _module_preset=\u00bbdefault\u00bb background_color=\u00bbRGBA(255,255,255,0)\u00bb height=\u00bb650px\u00bb height_tablet=\u00bb400px\u00bb height_phone=\u00bb230px\u00bb height_last_edited=\u00bbon|desktop\u00bb custom_padding_tablet=\u00bb\u00bb custom_padding_phone=\u00bb\u00bb global_colors_info=\u00bb{}\u00bb][et_pb_row admin_label=\u00bbFila\u00bb _builder_version=\u00bb4.24.1&#8243; _module_preset=\u00bbdefault\u00bb positioning=\u00bbfixed\u00bb width=\u00bb100%\u00bb max_width=\u00bb1600px\u00bb custom_margin=\u00bb0px||0px||true|false\u00bb custom_padding=\u00bb0px||0px||true|false\u00bb global_colors_info=\u00bb{}\u00bb][et_pb_column type=\u00bb4_4&#8243; _builder_version=\u00bb4.16&#8243; _module_preset=\u00bbdefault\u00bb global_colors_info=\u00bb{}\u00bb][et_pb_image src=\u00bbhttp:\/\/sanfiacreplantas.com\/wp-content\/uploads\/2024\/02\/Cactaceas.jpg\u00bb alt=\u00bbVarios tipos de cactus\u00bb title_text=\u00bbCactaceas\u00bb align=\u00bbcenter\u00bb force_fullwidth=\u00bbon\u00bb src_tablet=\u00bbhttp:\/\/sanfiacreplantas.com\/wp-content\/uploads\/2024\/02\/Cactaceas.jpg\u00bb src_phone=\u00bbhttp:\/\/sanfiacreplantas.com\/wp-content\/uploads\/2024\/02\/Cactaceas.jpg\u00bb src_last_edited=\u00bbon|phone\u00bb _builder_version=\u00bb4.24.1&#8243; _module_preset=\u00bbdefault\u00bb height=\u00bb670px\u00bb max_height=\u00bb670px\u00bb max_height_tablet=\u00bb430px\u00bb max_height_phone=\u00bb285px\u00bb max_height_last_edited=\u00bbon|phone\u00bb custom_margin_tablet=\u00bb||||false|false\u00bb custom_margin_phone=\u00bb-50px||||false|false\u00bb custom_margin_last_edited=\u00bbon|desktop\u00bb custom_padding=\u00bb0px||||false|false\u00bb custom_padding_tablet=\u00bb50px||||false|false\u00bb custom_padding_phone=\u00bb150px||||false|false\u00bb custom_padding_last_edited=\u00bbon|phone\u00bb global_colors_info=\u00bb{}\u00bb][\/et_pb_image][\/et_pb_column][\/et_pb_row][\/et_pb_section][et_pb_section fb_built=\u00bb1&#8243; _builder_version=\u00bb4.24.1&#8243; _module_preset=\u00bbdefault\u00bb global_colors_info=\u00bb{}\u00bb][et_pb_row _builder_version=\u00bb4.24.1&#8243; _module_preset=\u00bbdefault\u00bb custom_margin_tablet=\u00bb\u00bb custom_margin_phone=\u00bb0px||||false|false\u00bb custom_margin_last_edited=\u00bbon|phone\u00bb custom_padding=\u00bb0px||||false|false\u00bb global_colors_info=\u00bb{}\u00bb][et_pb_column type=\u00bb4_4&#8243; _builder_version=\u00bb4.24.1&#8243; _module_preset=\u00bbdefault\u00bb custom_padding_tablet=\u00bb\u00bb custom_padding_phone=\u00bb\u00bb custom_padding_last_edited=\u00bbon|phone\u00bb global_colors_info=\u00bb{}\u00bb][et_pb_text _builder_version=\u00bb4.24.1&#8243; _module_preset=\u00bbdefault\u00bb text_font=\u00bbtravel journal1||||||||\u00bb text_text_color=\u00bb#374709&#8243; text_font_size=\u00bb70px\u00bb text_orientation=\u00bbcenter\u00bb text_text_shadow_style=\u00bbpreset1&#8243; text_text_shadow_color=\u00bb#374709&#8243; global_colors_info=\u00bb{}\u00bb]<\/p>\n<p>CACTACEAS<\/p>\n<p>[\/et_pb_text][et_pb_text _builder_version=\u00bb4.24.1&#8243; _module_preset=\u00bbdefault\u00bb text_font=\u00bbLora||||||||\u00bb text_text_color=\u00bb#374709&#8243; text_font_size=\u00bb17px\u00bb header_2_font=\u00bbLora||||||||\u00bb header_2_text_align=\u00bbcenter\u00bb hover_enabled=\u00bb0&#8243; global_colors_info=\u00bb{}\u00bb sticky_enabled=\u00bb0&#8243;]<\/p>\n<h1 data-sourcepos=\"1:1-1:50\" style=\"text-align: center;\">Un viaje al coraz\u00f3n del desierto<\/h1>\n<h2 data-sourcepos=\"3:1-3:347\" style=\"text-align: left;\"><span style=\"font-size: medium;\">Las cact\u00e1ceas son un grupo de plantas fascinantes que han conquistado algunos de los ambientes m\u00e1s hostiles del planeta: los desiertos. Con sus formas singulares, colores vibrantes y estrategias de supervivencia \u00fanicas, estas plantas nos invitan a un viaje por el coraz\u00f3n del desierto para descubrir sus secretos y su papel fundamental en la vida.<\/span><\/h2>\n<p data-sourcepos=\"5:1-5:23\"><strong>Origen y evoluci\u00f3n:<\/strong><\/p>\n<p data-sourcepos=\"7:1-7:368\">Las cact\u00e1ceas son originarias de Am\u00e9rica, principalmente de M\u00e9xico, Estados Unidos y Sudam\u00e9rica. Se estima que su evoluci\u00f3n comenz\u00f3 hace millones de a\u00f1os, a partir de un ancestro com\u00fan con las suculentas. A lo largo del tiempo, se adaptaron a las condiciones \u00e1ridas y semi\u00e1ridas, desarrollando caracter\u00edsticas especiales para almacenar agua y sobrevivir en la escasez.<\/p>\n<p data-sourcepos=\"9:1-9:32\"><strong>Caracter\u00edsticas distintivas:<\/strong><\/p>\n<ul data-sourcepos=\"11:1-15:0\">\n<li data-sourcepos=\"11:1-11:195\"><strong>Tallos:<\/strong><span>\u00a0<\/span>La principal caracter\u00edstica de las cact\u00e1ceas es su tallo suculento, que puede ser cil\u00edndrico, globular, aplanado o ramificado. En \u00e9l almacenan agua para afrontar las largas sequ\u00edas.<\/li>\n<li data-sourcepos=\"12:1-12:258\"><strong>Espinas:<\/strong><span>\u00a0<\/span>Las espinas, que a menudo se confunden con hojas, son en realidad modificaciones de las hojas. Protegen a la planta de la depredaci\u00f3n, reduciendo la p\u00e9rdida de agua por transpiraci\u00f3n y reflejando la luz solar para evitar el sobrecalentamiento.<\/li>\n<li data-sourcepos=\"13:1-13:226\"><strong>Flores:<\/strong><span>\u00a0<\/span>Las flores de las cact\u00e1ceas son una explosi\u00f3n de color y belleza. Sus formas y colores var\u00edan ampliamente, desde lo simple a lo extravagante, atrayendo a polinizadores espec\u00edficos como las abejas y las mariposas.<\/li>\n<li data-sourcepos=\"14:1-15:0\"><strong>Frutos:<\/strong><span>\u00a0<\/span>Los frutos de las cact\u00e1ceas, conocidos como tunas o higos chumbos, son comestibles en muchas especies. Son una fuente importante de agua, az\u00facares y vitaminas para humanos y animales.<\/li>\n<\/ul>\n<p data-sourcepos=\"16:1-16:31\"><strong>Diversidad y clasificaci\u00f3n:<\/strong><\/p>\n<p data-sourcepos=\"18:1-18:124\">Existen m\u00e1s de 2.000 especies de cact\u00e1ceas, divididas en diferentes familias y g\u00e9neros. Entre las m\u00e1s conocidas encontramos:<\/p>\n<ul data-sourcepos=\"20:1-24:0\">\n<li data-sourcepos=\"20:1-20:69\"><strong>Cact\u00e1ceas columnares:<\/strong><span>\u00a0<\/span>como el saguaro, el card\u00f3n y la pitahaya.<\/li>\n<li data-sourcepos=\"21:1-21:81\"><strong>Cact\u00e1ceas globulares:<\/strong><span>\u00a0<\/span>como la echinocactus, la mammillaria y la ferocactus.<\/li>\n<li data-sourcepos=\"22:1-22:77\"><strong>Cact\u00e1ceas ep\u00edfitas:<\/strong><span>\u00a0<\/span>como las Rhipsalis, que crecen sobre otras plantas.<\/li>\n<li data-sourcepos=\"23:1-24:0\"><strong>Cact\u00e1ceas colgantes:<\/strong><span>\u00a0<\/span>como las Schlumbergera, conocidas como cactus de Navidad.<\/li>\n<\/ul>\n<p>[\/et_pb_text][\/et_pb_column][\/et_pb_row][et_pb_row _builder_version=\u00bb4.24.1&#8243; _module_preset=\u00bbdefault\u00bb custom_padding=\u00bb0px||0px||true|false\u00bb global_colors_info=\u00bb{}\u00bb][et_pb_column type=\u00bb4_4&#8243; _builder_version=\u00bb4.24.1&#8243; _module_preset=\u00bbdefault\u00bb global_colors_info=\u00bb{}\u00bb][et_pb_divider color=\u00bb#5c8a03&#8243; divider_weight=\u00bb1px\u00bb _builder_version=\u00bb4.24.1&#8243; _module_preset=\u00bbdefault\u00bb global_colors_info=\u00bb{}\u00bb][\/et_pb_divider][\/et_pb_column][\/et_pb_row][et_pb_row _builder_version=\u00bb4.24.1&#8243; _module_preset=\u00bbdefault\u00bb global_colors_info=\u00bb{}\u00bb][et_pb_column type=\u00bb4_4&#8243; _builder_version=\u00bb4.24.1&#8243; _module_preset=\u00bbdefault\u00bb global_colors_info=\u00bb{}\u00bb][dsm_card_carousel _builder_version=\u00bb4.24.1&#8243; _module_preset=\u00bbdefault\u00bb global_colors_info=\u00bb{}\u00bb][dsm_card_carousel_child title=\u00bbReducci\u00f3n de transpiraci\u00f3n\u00bb image=\u00bbhttp:\/\/sanfiacreplantas.com\/wp-content\/uploads\/2024\/02\/cactus9.jpg\u00bb badge_text=\u00bbBadget Text\u00bb badge_background_color=\u00bbRGBA(255,255,255,0)\u00bb button_text=\u00bbSaber m\u00e1s&#8230;\u00bb button_url_new_window=\u00bb1&#8243; _builder_version=\u00bb4.24.1&#8243; _module_preset=\u00bbdefault\u00bb badge_text_color=\u00bbRGBA(255,255,255,0)\u00bb header_level=\u00bbh3&#8243; header_font=\u00bb|600|||||||\u00bb header_text_align=\u00bbcenter\u00bb header_text_color=\u00bb#374709&#8243; body_text_align=\u00bbcenter\u00bb body_text_color=\u00bb#374709&#8243; custom_button=\u00bbon\u00bb button_text_color=\u00bb#FFFFFF\u00bb button_bg_color=\u00bb#374709&#8243; button_border_radius=\u00bb25px\u00bb button_font=\u00bbtravel journal1||||||||\u00bb button_use_icon=\u00bboff\u00bb button_alignment=\u00bbcenter\u00bb border_radii=\u00bbon|25px|25px|25px|25px\u00bb global_colors_info=\u00bb{}\u00bb parent_button=\u00bboff\u00bb parent_header_level=\u00bbh4&#8243;]<\/p>\n<p><span>Las espinas y la cut\u00edcula gruesa de la epidermis minimizan la p\u00e9rdida de agua por transpiraci\u00f3n.<\/span><\/p>\n<p>[\/dsm_card_carousel_child][dsm_card_carousel_child title=\u00bbAlmacenamiento de agua\u00bb image=\u00bbhttp:\/\/sanfiacreplantas.com\/wp-content\/uploads\/2024\/02\/cactus7.jpeg\u00bb badge_text=\u00bbBadget Text\u00bb badge_background_color=\u00bbRGBA(255,255,255,0)\u00bb button_text=\u00bbSaber m\u00e1s&#8230;\u00bb button_url_new_window=\u00bb1&#8243; _builder_version=\u00bb4.24.1&#8243; _module_preset=\u00bbdefault\u00bb badge_text_color=\u00bbRGBA(255,255,255,0)\u00bb header_level=\u00bbh3&#8243; header_font=\u00bb|600|||||||\u00bb header_text_align=\u00bbcenter\u00bb header_text_color=\u00bb#374709&#8243; body_text_align=\u00bbcenter\u00bb body_text_color=\u00bb#374709&#8243; custom_button=\u00bbon\u00bb button_text_size=\u00bb20px\u00bb button_text_color=\u00bb#FFFFFF\u00bb button_bg_color=\u00bb#374709&#8243; button_border_radius=\u00bb25px\u00bb button_font=\u00bbtravel journal1||||||||\u00bb button_use_icon=\u00bboff\u00bb button_alignment=\u00bbcenter\u00bb border_color_all_badge=\u00bbRGBA(255,255,255,0)\u00bb button_text_shadow_style=\u00bbpreset2&#8243; button_text_shadow_color=\u00bb#000000&#8243; global_colors_info=\u00bb{}\u00bb parent_button=\u00bboff\u00bb parent_header_level=\u00bbh4&#8243;]<\/p>\n<p><span>Sus tallos suculentos les permiten almacenar grandes cantidades de agua que pueden utilizar durante las sequ\u00edas.<\/span><\/p>\n<p>[\/dsm_card_carousel_child][dsm_card_carousel_child title=\u00bbFotosintesis CAM\u00bb image=\u00bbhttp:\/\/sanfiacreplantas.com\/wp-content\/uploads\/2024\/02\/cactus6.jpg\u00bb badge_text=\u00bbBadget Text\u00bb badge_background_color=\u00bbRGBA(255,255,255,0)\u00bb button_text=\u00bbSaber mas&#8230;\u00bb button_url_new_window=\u00bb1&#8243; _builder_version=\u00bb4.24.1&#8243; _module_preset=\u00bbdefault\u00bb badge_text_color=\u00bbRGBA(255,255,255,0)\u00bb header_level=\u00bbh3&#8243; header_font=\u00bb|600|||||||\u00bb header_text_align=\u00bbcenter\u00bb header_text_color=\u00bb#374709&#8243; body_text_align=\u00bbcenter\u00bb body_text_color=\u00bb#374709&#8243; custom_button=\u00bbon\u00bb button_text_color=\u00bb#ffffff\u00bb button_bg_color=\u00bb#374709&#8243; button_border_radius=\u00bb25px\u00bb button_font=\u00bbtravel journal1||||||||\u00bb button_alignment=\u00bbcenter\u00bb global_colors_info=\u00bb{}\u00bb parent_button=\u00bboff\u00bb parent_header_level=\u00bbh4&#8243;]<\/p>\n<p><span>Algunas especies realizan la fotos\u00edntesis durante la noche para evitar la p\u00e9rdida de agua durante el d\u00eda.<\/span><\/p>\n<p>[\/dsm_card_carousel_child][dsm_card_carousel_child title=\u00bbRaices profundas\u00bb image=\u00bbhttp:\/\/sanfiacreplantas.com\/wp-content\/uploads\/2024\/02\/cactus11.jpg\u00bb badge_text=\u00bbBadget Text\u00bb badge_background_color=\u00bbRGBA(255,255,255,0)\u00bb button_text=\u00bbSaber mas&#8230;\u00bb button_url_new_window=\u00bb1&#8243; _builder_version=\u00bb4.24.1&#8243; _module_preset=\u00bbdefault\u00bb badge_text_color=\u00bbRGBA(255,255,255,0)\u00bb header_level=\u00bbh3&#8243; header_font=\u00bb|600|||||||\u00bb header_text_align=\u00bbcenter\u00bb header_text_color=\u00bb#374709&#8243; body_text_align=\u00bbcenter\u00bb body_text_color=\u00bb#374709&#8243; custom_button=\u00bbon\u00bb button_text_color=\u00bb#ffffff\u00bb button_bg_color=\u00bb#374709&#8243; button_border_radius=\u00bb25px\u00bb button_font=\u00bbtravel journal1||||||||\u00bb button_alignment=\u00bbcenter\u00bb global_colors_info=\u00bb{}\u00bb parent_button=\u00bboff\u00bb parent_header_level=\u00bbh4&#8243;]<\/p>\n<p><span>Sus ra\u00edces pueden extenderse ampliamente para buscar agua en el subsuelo.<\/span><\/p>\n<p>[\/dsm_card_carousel_child][\/dsm_card_carousel][\/et_pb_column][\/et_pb_row][et_pb_row _builder_version=\u00bb4.24.1&#8243; _module_preset=\u00bbdefault\u00bb custom_padding=\u00bb0px||0px||true|false\u00bb global_colors_info=\u00bb{}\u00bb][et_pb_column type=\u00bb4_4&#8243; _builder_version=\u00bb4.24.1&#8243; _module_preset=\u00bbdefault\u00bb global_colors_info=\u00bb{}\u00bb][et_pb_divider color=\u00bb#5c8a03&#8243; divider_weight=\u00bb1px\u00bb _builder_version=\u00bb4.24.1&#8243; _module_preset=\u00bbdefault\u00bb global_colors_info=\u00bb{}\u00bb][\/et_pb_divider][\/et_pb_column][\/et_pb_row][et_pb_row _builder_version=\u00bb4.24.1&#8243; _module_preset=\u00bbdefault\u00bb global_colors_info=\u00bb{}\u00bb][et_pb_column type=\u00bb4_4&#8243; _builder_version=\u00bb4.24.1&#8243; _module_preset=\u00bbdefault\u00bb global_colors_info=\u00bb{}\u00bb][et_pb_text _builder_version=\u00bb4.24.1&#8243; _module_preset=\u00bbdefault\u00bb text_font=\u00bbLora||||||||\u00bb text_text_color=\u00bb#374709&#8243; text_font_size=\u00bb17px\u00bb header_2_font=\u00bbLora||||||||\u00bb header_2_text_align=\u00bbcenter\u00bb global_colors_info=\u00bb{}\u00bb]<\/p>\n<p data-sourcepos=\"34:1-34:38\"><strong>Importancia ecol\u00f3gica y econ\u00f3mica:<\/strong><\/p>\n<p data-sourcepos=\"36:1-36:335\">\n<p data-sourcepos=\"36:1-36:335\">Las cact\u00e1ceas son un componente vital de los ecosistemas \u00e1ridos y semi\u00e1ridos. Ofrecen alimento y refugio a una gran variedad de animales, y contribuyen a la prevenci\u00f3n de la erosi\u00f3n del suelo. Adem\u00e1s, tienen un importante valor econ\u00f3mico, ya que se utilizan para la producci\u00f3n de alimentos, bebidas, ornamentos y productos medicinales.<\/p>\n<p data-sourcepos=\"38:1-38:28\"><strong>Amenazas y conservaci\u00f3n:<\/strong><\/p>\n<p data-sourcepos=\"40:1-40:242\">\n<p data-sourcepos=\"40:1-40:242\">Las cact\u00e1ceas se encuentran amenazadas por la p\u00e9rdida de h\u00e1bitat, la sobreexplotaci\u00f3n y el cambio clim\u00e1tico. Es fundamental protegerlas mediante la creaci\u00f3n de \u00e1reas protegidas, la educaci\u00f3n ambiental y el desarrollo de pr\u00e1cticas sostenibles.<\/p>\n<p data-sourcepos=\"42:1-42:38\"><strong>Un mundo fascinante por descubrir:<\/strong><\/p>\n<p data-sourcepos=\"44:1-44:244\">\n<p data-sourcepos=\"44:1-44:244\">Las cact\u00e1ceas son un universo de formas, colores, aromas y texturas que nos invitan a explorar la naturaleza y descubrir la sabidur\u00eda de la adaptaci\u00f3n. Conocerlas y protegerlas es un compromiso con la vida y la biodiversidad de nuestro planeta.<\/p>\n<p data-sourcepos=\"46:1-46:275\"><strong><\/strong><\/p>\n<p data-sourcepos=\"46:1-46:275\"><strong>Este viaje al coraz\u00f3n del desierto nos ha permitido comprender la importancia de las cact\u00e1ceas y su papel fundamental en el equilibrio ecol\u00f3gico. Involucrarse en su estudio y cuidado es un paso necesario para asegurar su supervivencia y la de los ecosistemas que habitan.<\/strong><\/p>\n<p data-sourcepos=\"46:1-46:275\"><strong><\/strong><\/p>\n<p data-sourcepos=\"48:1-48:72\" style=\"text-align: center;\"><strong>\u00bfTe animas a seguir explorando el mundo fascinante de las cact\u00e1ceas?<\/strong><\/p>\n<p>[\/et_pb_text][\/et_pb_column][\/et_pb_row][\/et_pb_section]<\/p>\n","protected":false},"excerpt":{"rendered":"<p>CACTACEASUn viaje al coraz\u00f3n del desierto Las cact\u00e1ceas son un grupo de plantas fascinantes que han conquistado algunos de los ambientes m\u00e1s hostiles del planeta: los desiertos. Con sus formas singulares, colores vibrantes y estrategias de supervivencia \u00fanicas, estas plantas nos invitan a un viaje por el coraz\u00f3n del desierto para descubrir sus secretos y [&hellip;]<\/p>\n","protected":false},"author":1,"featured_media":0,"parent":0,"menu_order":0,"comment_status":"closed","ping_status":"closed","template":"","meta":{"_et_pb_use_builder":"on","_et_pb_old_content":"","_et_gb_content_width":"","footnotes":""},"yoast_head":"<!-- This site is optimized with the Yoast SEO plugin v22.2 - https:\/\/yoast.com\/wordpress\/plugins\/seo\/ -->\n<title>Las cact\u00e1ceas son un grupo de plantas fascinantes<\/title>\n<meta name=\"description\" content=\"Descubre el mundo fascinante de los cactus: cuidados, tipos, decoraci\u00f3n y m\u00e1s. En SAN FIACRE PLANTAS encontrar\u00e1s una gran variedad de cactus y suculentas para tu hogar. \u00a1Compra online con env\u00edo a todo el pa\u00eds!\" \/>\n<meta name=\"robots\" content=\"index, follow, max-snippet:-1, max-image-preview:large, max-video-preview:-1\" \/>\n<link rel=\"canonical\" href=\"https:\/\/sanfiacreplantas.com\/index.php\/las-cactaceas-son-un-grupo-de-plantas-fascinantes\/\" \/>\n<meta property=\"og:locale\" content=\"es_ES\" \/>\n<meta property=\"og:type\" content=\"article\" \/>\n<meta property=\"og:title\" content=\"Las cact\u00e1ceas son un grupo de plantas fascinantes\" \/>\n<meta property=\"og:description\" content=\"Descubre el mundo fascinante de los cactus: cuidados, tipos, decoraci\u00f3n y m\u00e1s. En SAN FIACRE PLANTAS encontrar\u00e1s una gran variedad de cactus y suculentas para tu hogar. \u00a1Compra online con env\u00edo a todo el pa\u00eds!\" \/>\n<meta property=\"og:url\" content=\"https:\/\/sanfiacreplantas.com\/index.php\/las-cactaceas-son-un-grupo-de-plantas-fascinantes\/\" \/>\n<meta property=\"og:site_name\" content=\"sanfiacreplantas.com\" \/>\n<meta property=\"article:publisher\" content=\"https:\/\/www.facebook.com\/profile.php?id=100063658085991\" \/>\n<meta property=\"article:modified_time\" content=\"2024-03-12T23:57:46+00:00\" \/>\n<meta name=\"twitter:card\" content=\"summary_large_image\" \/>\n<meta name=\"twitter:label1\" content=\"Tiempo de lectura\" \/>\n\t<meta name=\"twitter:data1\" content=\"3 minutos\" \/>\n<script type=\"application\/ld+json\" class=\"yoast-schema-graph\">{\"@context\":\"https:\/\/schema.org\",\"@graph\":[{\"@type\":\"WebPage\",\"@id\":\"https:\/\/sanfiacreplantas.com\/index.php\/las-cactaceas-son-un-grupo-de-plantas-fascinantes\/\",\"url\":\"https:\/\/sanfiacreplantas.com\/index.php\/las-cactaceas-son-un-grupo-de-plantas-fascinantes\/\",\"name\":\"Las cact\u00e1ceas son un grupo de plantas fascinantes\",\"isPartOf\":{\"@id\":\"https:\/\/sanfiacreplantas.com\/#website\"},\"datePublished\":\"2024-02-27T03:59:49+00:00\",\"dateModified\":\"2024-03-12T23:57:46+00:00\",\"description\":\"Descubre el mundo fascinante de los cactus: cuidados, tipos, decoraci\u00f3n y m\u00e1s. En SAN FIACRE PLANTAS encontrar\u00e1s una gran variedad de cactus y suculentas para tu hogar. \u00a1Compra online con env\u00edo a todo el pa\u00eds!\",\"breadcrumb\":{\"@id\":\"https:\/\/sanfiacreplantas.com\/index.php\/las-cactaceas-son-un-grupo-de-plantas-fascinantes\/#breadcrumb\"},\"inLanguage\":\"es\",\"potentialAction\":[{\"@type\":\"ReadAction\",\"target\":[\"https:\/\/sanfiacreplantas.com\/index.php\/las-cactaceas-son-un-grupo-de-plantas-fascinantes\/\"]}]},{\"@type\":\"BreadcrumbList\",\"@id\":\"https:\/\/sanfiacreplantas.com\/index.php\/las-cactaceas-son-un-grupo-de-plantas-fascinantes\/#breadcrumb\",\"itemListElement\":[{\"@type\":\"ListItem\",\"position\":1,\"name\":\"Portada\",\"item\":\"https:\/\/sanfiacreplantas.com\/\"},{\"@type\":\"ListItem\",\"position\":2,\"name\":\"Cactaceas\"}]},{\"@type\":\"WebSite\",\"@id\":\"https:\/\/sanfiacreplantas.com\/#website\",\"url\":\"https:\/\/sanfiacreplantas.com\/\",\"name\":\"sanfiacreplantas.com\",\"description\":\"Pasi\u00f3n por las plantas\",\"publisher\":{\"@id\":\"https:\/\/sanfiacreplantas.com\/#organization\"},\"potentialAction\":[{\"@type\":\"SearchAction\",\"target\":{\"@type\":\"EntryPoint\",\"urlTemplate\":\"https:\/\/sanfiacreplantas.com\/?s={search_term_string}\"},\"query-input\":\"required name=search_term_string\"}],\"inLanguage\":\"es\"},{\"@type\":\"Organization\",\"@id\":\"https:\/\/sanfiacreplantas.com\/#organization\",\"name\":\"sanfiacreplantas.com\",\"url\":\"https:\/\/sanfiacreplantas.com\/\",\"logo\":{\"@type\":\"ImageObject\",\"inLanguage\":\"es\",\"@id\":\"https:\/\/sanfiacreplantas.com\/#\/schema\/logo\/image\/\",\"url\":\"https:\/\/sanfiacreplantas.com\/wp-content\/uploads\/2024\/02\/Logo2.png\",\"contentUrl\":\"https:\/\/sanfiacreplantas.com\/wp-content\/uploads\/2024\/02\/Logo2.png\",\"width\":1578,\"height\":2155,\"caption\":\"sanfiacreplantas.com\"},\"image\":{\"@id\":\"https:\/\/sanfiacreplantas.com\/#\/schema\/logo\/image\/\"},\"sameAs\":[\"https:\/\/www.facebook.com\/profile.php?id=100063658085991\",\"https:\/\/www.instagram.com\/jiraiya_fotografo\/?hl=es\"]}]}<\/script>\n<!-- \/ Yoast SEO plugin. -->","yoast_head_json":{"title":"Las cact\u00e1ceas son un grupo de plantas fascinantes","description":"Descubre el mundo fascinante de los cactus: cuidados, tipos, decoraci\u00f3n y m\u00e1s. En SAN FIACRE PLANTAS encontrar\u00e1s una gran variedad de cactus y suculentas para tu hogar. \u00a1Compra online con env\u00edo a todo el pa\u00eds!","robots":{"index":"index","follow":"follow","max-snippet":"max-snippet:-1","max-image-preview":"max-image-preview:large","max-video-preview":"max-video-preview:-1"},"canonical":"https:\/\/sanfiacreplantas.com\/index.php\/las-cactaceas-son-un-grupo-de-plantas-fascinantes\/","og_locale":"es_ES","og_type":"article","og_title":"Las cact\u00e1ceas son un grupo de plantas fascinantes","og_description":"Descubre el mundo fascinante de los cactus: cuidados, tipos, decoraci\u00f3n y m\u00e1s. En SAN FIACRE PLANTAS encontrar\u00e1s una gran variedad de cactus y suculentas para tu hogar. \u00a1Compra online con env\u00edo a todo el pa\u00eds!","og_url":"https:\/\/sanfiacreplantas.com\/index.php\/las-cactaceas-son-un-grupo-de-plantas-fascinantes\/","og_site_name":"sanfiacreplantas.com","article_publisher":"https:\/\/www.facebook.com\/profile.php?id=100063658085991","article_modified_time":"2024-03-12T23:57:46+00:00","twitter_card":"summary_large_image","twitter_misc":{"Tiempo de lectura":"3 minutos"},"schema":{"@context":"https:\/\/schema.org","@graph":[{"@type":"WebPage","@id":"https:\/\/sanfiacreplantas.com\/index.php\/las-cactaceas-son-un-grupo-de-plantas-fascinantes\/","url":"https:\/\/sanfiacreplantas.com\/index.php\/las-cactaceas-son-un-grupo-de-plantas-fascinantes\/","name":"Las cact\u00e1ceas son un grupo de plantas fascinantes","isPartOf":{"@id":"https:\/\/sanfiacreplantas.com\/#website"},"datePublished":"2024-02-27T03:59:49+00:00","dateModified":"2024-03-12T23:57:46+00:00","description":"Descubre el mundo fascinante de los cactus: cuidados, tipos, decoraci\u00f3n y m\u00e1s. En SAN FIACRE PLANTAS encontrar\u00e1s una gran variedad de cactus y suculentas para tu hogar. \u00a1Compra online con env\u00edo a todo el pa\u00eds!","breadcrumb":{"@id":"https:\/\/sanfiacreplantas.com\/index.php\/las-cactaceas-son-un-grupo-de-plantas-fascinantes\/#breadcrumb"},"inLanguage":"es","potentialAction":[{"@type":"ReadAction","target":["https:\/\/sanfiacreplantas.com\/index.php\/las-cactaceas-son-un-grupo-de-plantas-fascinantes\/"]}]},{"@type":"BreadcrumbList","@id":"https:\/\/sanfiacreplantas.com\/index.php\/las-cactaceas-son-un-grupo-de-plantas-fascinantes\/#breadcrumb","itemListElement":[{"@type":"ListItem","position":1,"name":"Portada","item":"https:\/\/sanfiacreplantas.com\/"},{"@type":"ListItem","position":2,"name":"Cactaceas"}]},{"@type":"WebSite","@id":"https:\/\/sanfiacreplantas.com\/#website","url":"https:\/\/sanfiacreplantas.com\/","name":"sanfiacreplantas.com","description":"Pasi\u00f3n por las plantas","publisher":{"@id":"https:\/\/sanfiacreplantas.com\/#organization"},"potentialAction":[{"@type":"SearchAction","target":{"@type":"EntryPoint","urlTemplate":"https:\/\/sanfiacreplantas.com\/?s={search_term_string}"},"query-input":"required name=search_term_string"}],"inLanguage":"es"},{"@type":"Organization","@id":"https:\/\/sanfiacreplantas.com\/#organization","name":"sanfiacreplantas.com","url":"https:\/\/sanfiacreplantas.com\/","logo":{"@type":"ImageObject","inLanguage":"es","@id":"https:\/\/sanfiacreplantas.com\/#\/schema\/logo\/image\/","url":"https:\/\/sanfiacreplantas.com\/wp-content\/uploads\/2024\/02\/Logo2.png","contentUrl":"https:\/\/sanfiacreplantas.com\/wp-content\/uploads\/2024\/02\/Logo2.png","width":1578,"height":2155,"caption":"sanfiacreplantas.com"},"image":{"@id":"https:\/\/sanfiacreplantas.com\/#\/schema\/logo\/image\/"},"sameAs":["https:\/\/www.facebook.com\/profile.php?id=100063658085991","https:\/\/www.instagram.com\/jiraiya_fotografo\/?hl=es"]}]}},"_links":{"self":[{"href":"https:\/\/sanfiacreplantas.com\/index.php\/wp-json\/wp\/v2\/pages\/191"}],"collection":[{"href":"https:\/\/sanfiacreplantas.com\/index.php\/wp-json\/wp\/v2\/pages"}],"about":[{"href":"https:\/\/sanfiacreplantas.com\/index.php\/wp-json\/wp\/v2\/types\/page"}],"author":[{"embeddable":true,"href":"https:\/\/sanfiacreplantas.com\/index.php\/wp-json\/wp\/v2\/users\/1"}],"replies":[{"embeddable":true,"href":"https:\/\/sanfiacreplantas.com\/index.php\/wp-json\/wp\/v2\/comments?post=191"}],"version-history":[{"count":19,"href":"https:\/\/sanfiacreplantas.com\/index.php\/wp-json\/wp\/v2\/pages\/191\/revisions"}],"predecessor-version":[{"id":492,"href":"https:\/\/sanfiacreplantas.com\/index.php\/wp-json\/wp\/v2\/pages\/191\/revisions\/492"}],"wp:attachment":[{"href":"https:\/\/sanfiacreplantas.com\/index.php\/wp-json\/wp\/v2\/media?parent=191"}],"curies":[{"name":"wp","href":"https:\/\/api.w.org\/{rel}","templated":true}]}}